{"id":195,"date":"2022-01-29T20:22:27","date_gmt":"2022-01-29T19:22:27","guid":{"rendered":"https:\/\/topteaching-hall.com\/?page_id=195"},"modified":"2026-04-09T14:57:41","modified_gmt":"2026-04-09T12:57:41","slug":"about","status":"publish","type":"page","link":"https:\/\/topteaching-hall.com\/?page_id=195","title":{"rendered":"ABOUT"},"content":{"rendered":"\t\t<div data-elementor-type=\"wp-page\" data-elementor-id=\"195\" class=\"elementor elementor-195\">\n\t\t\t\t\t\t<section class=\"elementor-section elementor-top-section elementor-element elementor-element-199ea5b9 elementor-section-boxed elementor-section-height-default elementor-section-height-default\" data-id=\"199ea5b9\" data-element_type=\"section\" data-e-type=\"section\">\n\t\t\t\t\t\t<div class=\"elementor-container elementor-column-gap-default\">\n\t\t\t\t\t<div class=\"elementor-column elementor-col-100 elementor-top-column elementor-element elementor-element-18ec6d6e\" data-id=\"18ec6d6e\" data-element_type=\"column\" data-e-type=\"column\">\n\t\t\t<div class=\"elementor-widget-wrap elementor-element-populated\">\n\t\t\t\t\t\t<div class=\"elementor-element elementor-element-644f91df elementor-widget elementor-widget-text-editor\" data-id=\"644f91df\" data-element_type=\"widget\" data-e-type=\"widget\" data-widget_type=\"text-editor.default\">\n\t\t\t\t<div class=\"elementor-widget-container\">\n\t\t\t\t\t\t\t\t\t<p><\/p>\n<p><strong>Hi, I&#8217;m Kinga<\/strong>.<\/p>\n<p><\/p>\n<p><\/p>\n<p><strong>MA<\/strong>, <strong>Teacher, Author &amp; Owner<\/strong> of <em><strong>Top Teaching Hall<\/strong><\/em>.<\/p>\n<p><\/p>\n<p><\/p>\n<p><strong>Expert teacher <\/strong>with<strong> pedagogical and psychological preparation<\/strong>.<\/p>\n<p><\/p>\n<p><\/p>\n<p><strong>20 years of teaching experience<\/strong>.<\/p>\n<p><\/p>\n<p><\/p>\n<p>I help to overcome grammar, communication and writing difficulties.<\/p>\n<p><\/p>\n<p><\/p>\n<p>I inspire through learning.<\/p>\n<p><\/p>\n<p><\/p>\n<p>Join my English Classes!<\/p>\n<p><\/p>\n<p><\/p>\n<p>I share my material with you and would be very happy about your Feedback. You can download and buy here: <a href=\"https:\/\/eduki.com\/de\/autor\/2635901\/top-teaching-hall\" data-type=\"URL\" data-id=\"https:\/\/eduki.com\/de\/autor\/2635901\/top-teaching-hall\">CLICK<\/a><\/p>\n<p><\/p>\n<p><\/p>\n<p>Happy learning!<\/p>\n<p><\/p>\n<p><\/p>\n<p><\/p>\n<p><\/p>\n<p><\/p>\n<p><\/p>\n<h2 class=\"wp-block-heading\"><img decoding=\"async\" class=\"emoji\" role=\"img\" draggable=\"false\" src=\"https:\/\/s.w.org\/images\/core\/emoji\/17.0.2\/svg\/1f1e9-1f1ea.svg\" alt=\"\ud83c\udde9\ud83c\uddea\" width=\"33\" height=\"33\" \/><\/h2>\n<p><\/p>\n<p><\/p>\n<p>Hallo! \ud83d\ude42<\/p>\n<p><\/p>\n<p><\/p>\n<p>Ich bin Kinga \u2013 Englisch Lehrerin mit Herz und die Autorin, die hinter <strong>Top Teaching Hall<\/strong> steckt. \u00a0Ich unterrichte seit 17\u00a0Jahren Englisch auf allen Niveaustufen und mit p\u00e4dagogischer und psychologischer Vorbereitung.<\/p>\n<p><\/p>\n<p><\/p>\n<p>Ich helfe bei Grammatik-, Kommunikations- und Schreibschwierigkeiten.<\/p>\n<p><\/p>\n<p><\/p>\n<p>Ich inspiriere durch Lernen.<\/p>\n<p><\/p>\n<p><\/p>\n<p>Nehmen Sie an meinen Englischkursen teil.<\/p>\n<p><\/p>\n<p><\/p>\n<p>Mein Material m\u00f6chte ich gern auch mit Euch teilen und w\u00fcrde mich sehr \u00fcber Eure Feedback freuen!<\/p>\n<p><\/p>\n<p><\/p>\n<p id=\"https:\/\/eduki.com\/de\/autor\/2635901\/top-teaching-hall\">Sie k\u00f6nnen <a href=\"https:\/\/eduki.com\/de\/autor\/2635901\/top-teaching-hall\" data-type=\"URL\" data-id=\"https:\/\/eduki.com\/de\/autor\/2635901\/top-teaching-hall\">hier<\/a> herunterladen und kaufen: <a href=\"https:\/\/eduki.com\/de\/autor\/2635901\/top-teaching-hall\">CLICK<\/a><\/p>\n<p><\/p>\n<p><\/p>\n<p>Ich w\u00fcnsche Euch viel Spa\u00df auf meiner Seite und beim Lernen!<\/p>\n<p><\/p>\n<p><\/p>\n<p>Eure Kinga<\/p>\n<p><\/p>\n<p><\/p>\n<figure class=\"wp-block-pullquote\">\n<blockquote>\n<p><em>&#8216;I touch the future. I teach&#8217;<\/em><br \/><em>Ch. McAuliffe20<\/em><\/p>\n<\/blockquote>\n<\/figure>\n<p><\/p>\n<p><\/p>\n<p><\/p>\t\t\t\t\t\t\t\t<\/div>\n\t\t\t\t<\/div>\n\t\t\t\t\t<\/div>\n\t\t<\/div>\n\t\t\t\t\t<\/div>\n\t\t<\/section>\n\t\t\t\t<\/div>\n\t\t","protected":false},"excerpt":{"rendered":"<p>Hi, I&#8217;m Kinga. MA, Teacher, Author &amp; Owner of Top Teaching Hall. Expert teacher with pedagogical and psychological preparation. 20 years of teaching experience. I help to overcome grammar, communication and writing difficulties. I inspire through learning. Join my English Classes! I share my material with you and would be very happy about your Feedback. &hellip; <\/p>\n","protected":false},"author":1,"featured_media":725,"parent":0,"menu_order":0,"comment_status":"closed","ping_status":"closed","template":"","meta":{"footnotes":""},"class_list":["post-195","page","type-page","status-publish","has-post-thumbnail","hentry","latest_post"],"_links":{"self":[{"href":"https:\/\/topteaching-hall.com\/index.php?rest_route=\/wp\/v2\/pages\/195","targetHints":{"allow":["GET"]}}],"collection":[{"href":"https:\/\/topteaching-hall.com\/index.php?rest_route=\/wp\/v2\/pages"}],"about":[{"href":"https:\/\/topteaching-hall.com\/index.php?rest_route=\/wp\/v2\/types\/page"}],"author":[{"embeddable":true,"href":"https:\/\/topteaching-hall.com\/index.php?rest_route=\/wp\/v2\/users\/1"}],"replies":[{"embeddable":true,"href":"https:\/\/topteaching-hall.com\/index.php?rest_route=%2Fwp%2Fv2%2Fcomments&post=195"}],"version-history":[{"count":59,"href":"https:\/\/topteaching-hall.com\/index.php?rest_route=\/wp\/v2\/pages\/195\/revisions"}],"predecessor-version":[{"id":1049,"href":"https:\/\/topteaching-hall.com\/index.php?rest_route=\/wp\/v2\/pages\/195\/revisions\/1049"}],"wp:featuredmedia":[{"embeddable":true,"href":"https:\/\/topteaching-hall.com\/index.php?rest_route=\/wp\/v2\/media\/725"}],"wp:attachment":[{"href":"https:\/\/topteaching-hall.com\/index.php?rest_route=%2Fwp%2Fv2%2Fmedia&parent=195"}],"curies":[{"name":"wp","href":"https:\/\/api.w.org\/{rel}","templated":true}]}}